{"id":699,"date":"2022-07-11T11:03:33","date_gmt":"2022-07-11T11:03:33","guid":{"rendered":"https:\/\/bmz.pxl.sk\/?page_id=699"},"modified":"2022-07-25T08:19:30","modified_gmt":"2022-07-25T08:19:30","slug":"spiralsortierer-st","status":"publish","type":"page","link":"https:\/\/www.bmz.sk\/de\/produkte\/spiralsortierer-st\/","title":{"rendered":"Spiralsortierer ST"},"content":{"rendered":"<p>[vc_row][vc_column]<div class=\"porto-u-heading  wpb_custom_95aa9a11c17ad45cfabaf210d84ee7cc\" data-hspacer=\"no_spacer\" data-halign=\"left\" style=\"text-align:left\"><div class=\"porto-u-main-heading\"><h2   style=\"margin-bottom: 50px;\">Spiralsortierer ST<\/h2><\/div><\/div><div class=\"porto-sicon-box  wpb_custom_1efe903570d178ff0a9b7bfa5febd3a4 style_1 default-icon flex-wrap\"><div class=\"porto-sicon-header\"><h3 class=\"porto-sicon-title\" style=\"\">DIE VERWENDUNG<\/h3><\/div> <!-- header --><div class=\"porto-sicon-description\" style=\"\">Der Spiralsortierer \u0160T ist f\u00fcr die Nasssortierung von K\u00f6rnern bei der Behandlung von Erzen und anderen Mineralien sowie f\u00fcr die Trennung von Feststoffpartikeln aus Fl\u00fcssigkeiten \u2013 Entw\u00e4sserung \u2013 bestimmt. Zusammen mit der M\u00fchle bildet es meist ein geschlossenes bzw offener Schleifkreislauf.<\/div> <!-- description --><\/div><!-- porto-sicon-box --><div class=\"porto-sicon-box  wpb_custom_1efe903570d178ff0a9b7bfa5febd3a4 style_1 default-icon flex-wrap\"><div class=\"porto-sicon-header\"><h3 class=\"porto-sicon-title\" style=\"\">BEZEICHNUNG<\/h3><\/div> <!-- header --><div class=\"porto-sicon-description\" style=\"\">Ein wesentlicher Bestandteil des Spiralsortierers ist die geneigte Rinne, in der sich die Spirale dreht. Durch den seitlich angebrachten Einf\u00fcllstutzen wird die Maische in den Trog geleitet. Die Gr\u00f6\u00dfe der Ebene und damit die L\u00e4nge der Tauchspirale h\u00e4ngt von der Neigung des Sortierers ab. Die feinen Teile des Materials werden durch das \u00fcber die \u00dcberlaufkante flie\u00dfende Wasser zur weiteren Verarbeitung mitgerissen. Die gr\u00f6beren K\u00f6rner sinken auf den Boden des Trogs und werden nach und nach zur Sandrutsche bef\u00f6rdert, von wo sie zum Mahlen in eine M\u00fchle oder f\u00fcr andere Zwecke gebracht werden.<\/p>\n<p>Die Sortierwirkung und K\u00f6rnigkeit der einzelnen Produkte des Sortierers h\u00e4ngt von der Neigung der Rinne, der Menge und Dichte der zugef\u00fchrten Maische und anderen Faktoren ab.<\/div> <!-- description --><\/div><!-- porto-sicon-box -->[\/vc_column][\/vc_row][vc_row full_width=&#8220;stretch_row_content_no_spaces&#8220;][vc_column][vc_row_inner content_placement=&#8220;middle&#8220;][vc_column_inner width=&#8220;1\/4&#8243;][vc_single_image image=&#8220;476&#8243; img_size=&#8220;full&#8220;][\/vc_column_inner][vc_column_inner width=&#8220;1\/4&#8243;][vc_single_image image=&#8220;482&#8243; img_size=&#8220;full&#8220;][\/vc_column_inner][vc_column_inner width=&#8220;1\/4&#8243;][vc_single_image image=&#8220;479&#8243; img_size=&#8220;full&#8220;][\/vc_column_inner][vc_column_inner width=&#8220;1\/4&#8243;][vc_single_image image=&#8220;485&#8243; img_size=&#8220;full&#8220;][\/vc_column_inner][\/vc_row_inner][\/vc_column][\/vc_row]<\/p>\n","protected":false},"excerpt":{"rendered":"<p>[vc_row][vc_column][\/vc_column][\/vc_row][vc_row full_width=&#8220;stretch_row_content_no_spaces&#8220;][vc_column][vc_row_inner content_placement=&#8220;middle&#8220;][vc_column_inner width=&#8220;1\/4&#8243;][vc_single_image image=&#8220;476&#8243; img_size=&#8220;full&#8220;][\/vc_column_inner][vc_column_inner width=&#8220;1\/4&#8243;][vc_single_image image=&#8220;482&#8243; img_size=&#8220;full&#8220;][\/vc_column_inner][vc_column_inner width=&#8220;1\/4&#8243;][vc_single_image image=&#8220;479&#8243; img_size=&#8220;full&#8220;][\/vc_column_inner][vc_column_inner width=&#8220;1\/4&#8243;][vc_single_image image=&#8220;485&#8243; img_size=&#8220;full&#8220;][\/vc_column_inner][\/vc_row_inner][\/vc_column][\/vc_row]<\/p>\n","protected":false},"author":3,"featured_media":0,"parent":366,"menu_order":0,"comment_status":"closed","ping_status":"closed","template":"","meta":{"inline_featured_image":false,"footnotes":""},"class_list":["post-699","page","type-page","status-publish","hentry"],"yoast_head":"<!-- This site is optimized with the Yoast SEO plugin v19.2 - https:\/\/yoast.com\/wordpress\/plugins\/seo\/ -->\n<title>Spiralsortierer ST - BMZ a.s. Engineering-Produktionsunternehmen<\/title>\n<meta name=\"description\" content=\"Spiralsortierer \u0160T des Maschinenbauunternehmens BMZ a.s., das seit 1969 auf dem Maschinenbaumarkt t\u00e4tig ist.\" \/>\n<meta name=\"robots\" content=\"index, follow, max-snippet:-1, max-image-preview:large, max-video-preview:-1\" \/>\n<link rel=\"canonical\" href=\"https:\/\/www.bmz.sk\/de\/produkte\/spiralsortierer-st\/\" \/>\n<meta property=\"og:locale\" content=\"de_DE\" \/>\n<meta property=\"og:type\" content=\"article\" \/>\n<meta property=\"og:title\" content=\"Spiralsortierer ST - BMZ a.s. Engineering-Produktionsunternehmen\" \/>\n<meta property=\"og:description\" content=\"Spiralsortierer \u0160T des Maschinenbauunternehmens BMZ a.s., das seit 1969 auf dem Maschinenbaumarkt t\u00e4tig ist.\" \/>\n<meta property=\"og:url\" content=\"https:\/\/www.bmz.sk\/de\/produkte\/spiralsortierer-st\/\" \/>\n<meta property=\"og:site_name\" content=\"BMZ\" \/>\n<meta property=\"article:modified_time\" content=\"2022-07-25T08:19:30+00:00\" \/>\n<meta name=\"author\" content=\"tina\" \/>\n<meta name=\"twitter:card\" content=\"summary_large_image\" \/>\n<meta name=\"twitter:label1\" content=\"Gesch\u00e4tzte Lesezeit\" \/>\n\t<meta name=\"twitter:data1\" content=\"2\u00a0Minuten\" \/>\n<script type=\"application\/ld+json\" class=\"yoast-schema-graph\">{\"@context\":\"https:\/\/schema.org\",\"@graph\":[{\"@type\":\"WebSite\",\"@id\":\"https:\/\/www.bmz.sk\/#website\",\"url\":\"https:\/\/www.bmz.sk\/\",\"name\":\"BMZ\",\"description\":\"Stroj\u00e1rska v\u00fdrobn\u00e1 spolo\u010dnos\u0165\",\"potentialAction\":[{\"@type\":\"SearchAction\",\"target\":{\"@type\":\"EntryPoint\",\"urlTemplate\":\"https:\/\/www.bmz.sk\/?s={search_term_string}\"},\"query-input\":\"required name=search_term_string\"}],\"inLanguage\":\"de\"},{\"@type\":\"WebPage\",\"@id\":\"https:\/\/www.bmz.sk\/de\/produkte\/spiralsortierer-st\/#webpage\",\"url\":\"https:\/\/www.bmz.sk\/de\/produkte\/spiralsortierer-st\/\",\"name\":\"Spiralsortierer ST - BMZ a.s. Engineering-Produktionsunternehmen\",\"isPartOf\":{\"@id\":\"https:\/\/www.bmz.sk\/#website\"},\"datePublished\":\"2022-07-11T11:03:33+00:00\",\"dateModified\":\"2022-07-25T08:19:30+00:00\",\"description\":\"Spiralsortierer \u0160T des Maschinenbauunternehmens BMZ a.s., das seit 1969 auf dem Maschinenbaumarkt t\u00e4tig ist.\",\"breadcrumb\":{\"@id\":\"https:\/\/www.bmz.sk\/de\/produkte\/spiralsortierer-st\/#breadcrumb\"},\"inLanguage\":\"de\",\"potentialAction\":[{\"@type\":\"ReadAction\",\"target\":[\"https:\/\/www.bmz.sk\/de\/produkte\/spiralsortierer-st\/\"]}]},{\"@type\":\"BreadcrumbList\",\"@id\":\"https:\/\/www.bmz.sk\/de\/produkte\/spiralsortierer-st\/#breadcrumb\",\"itemListElement\":[{\"@type\":\"ListItem\",\"position\":1,\"name\":\"Domovsk\u00e1 str\u00e1nka\",\"item\":\"https:\/\/www.bmz.sk\/de\/\"},{\"@type\":\"ListItem\",\"position\":2,\"name\":\"Produkte\",\"item\":\"https:\/\/www.bmz.sk\/de\/produkte\/\"},{\"@type\":\"ListItem\",\"position\":3,\"name\":\"Spiralsortierer ST\"}]}]}<\/script>\n<!-- \/ Yoast SEO plugin. -->","yoast_head_json":{"title":"Spiralsortierer ST - BMZ a.s. Engineering-Produktionsunternehmen","description":"Spiralsortierer \u0160T des Maschinenbauunternehmens BMZ a.s., das seit 1969 auf dem Maschinenbaumarkt t\u00e4tig ist.","robots":{"index":"index","follow":"follow","max-snippet":"max-snippet:-1","max-image-preview":"max-image-preview:large","max-video-preview":"max-video-preview:-1"},"canonical":"https:\/\/www.bmz.sk\/de\/produkte\/spiralsortierer-st\/","og_locale":"de_DE","og_type":"article","og_title":"Spiralsortierer ST - BMZ a.s. Engineering-Produktionsunternehmen","og_description":"Spiralsortierer \u0160T des Maschinenbauunternehmens BMZ a.s., das seit 1969 auf dem Maschinenbaumarkt t\u00e4tig ist.","og_url":"https:\/\/www.bmz.sk\/de\/produkte\/spiralsortierer-st\/","og_site_name":"BMZ","article_modified_time":"2022-07-25T08:19:30+00:00","author":"tina","twitter_card":"summary_large_image","twitter_misc":{"Gesch\u00e4tzte Lesezeit":"2\u00a0Minuten"},"schema":{"@context":"https:\/\/schema.org","@graph":[{"@type":"WebSite","@id":"https:\/\/www.bmz.sk\/#website","url":"https:\/\/www.bmz.sk\/","name":"BMZ","description":"Stroj\u00e1rska v\u00fdrobn\u00e1 spolo\u010dnos\u0165","potentialAction":[{"@type":"SearchAction","target":{"@type":"EntryPoint","urlTemplate":"https:\/\/www.bmz.sk\/?s={search_term_string}"},"query-input":"required name=search_term_string"}],"inLanguage":"de"},{"@type":"WebPage","@id":"https:\/\/www.bmz.sk\/de\/produkte\/spiralsortierer-st\/#webpage","url":"https:\/\/www.bmz.sk\/de\/produkte\/spiralsortierer-st\/","name":"Spiralsortierer ST - BMZ a.s. Engineering-Produktionsunternehmen","isPartOf":{"@id":"https:\/\/www.bmz.sk\/#website"},"datePublished":"2022-07-11T11:03:33+00:00","dateModified":"2022-07-25T08:19:30+00:00","description":"Spiralsortierer \u0160T des Maschinenbauunternehmens BMZ a.s., das seit 1969 auf dem Maschinenbaumarkt t\u00e4tig ist.","breadcrumb":{"@id":"https:\/\/www.bmz.sk\/de\/produkte\/spiralsortierer-st\/#breadcrumb"},"inLanguage":"de","potentialAction":[{"@type":"ReadAction","target":["https:\/\/www.bmz.sk\/de\/produkte\/spiralsortierer-st\/"]}]},{"@type":"BreadcrumbList","@id":"https:\/\/www.bmz.sk\/de\/produkte\/spiralsortierer-st\/#breadcrumb","itemListElement":[{"@type":"ListItem","position":1,"name":"Domovsk\u00e1 str\u00e1nka","item":"https:\/\/www.bmz.sk\/de\/"},{"@type":"ListItem","position":2,"name":"Produkte","item":"https:\/\/www.bmz.sk\/de\/produkte\/"},{"@type":"ListItem","position":3,"name":"Spiralsortierer ST"}]}]}},"_links":{"self":[{"href":"https:\/\/www.bmz.sk\/de\/wp-json\/wp\/v2\/pages\/699","targetHints":{"allow":["GET"]}}],"collection":[{"href":"https:\/\/www.bmz.sk\/de\/wp-json\/wp\/v2\/pages"}],"about":[{"href":"https:\/\/www.bmz.sk\/de\/wp-json\/wp\/v2\/types\/page"}],"author":[{"embeddable":true,"href":"https:\/\/www.bmz.sk\/de\/wp-json\/wp\/v2\/users\/3"}],"replies":[{"embeddable":true,"href":"https:\/\/www.bmz.sk\/de\/wp-json\/wp\/v2\/comments?post=699"}],"version-history":[{"count":5,"href":"https:\/\/www.bmz.sk\/de\/wp-json\/wp\/v2\/pages\/699\/revisions"}],"predecessor-version":[{"id":704,"href":"https:\/\/www.bmz.sk\/de\/wp-json\/wp\/v2\/pages\/699\/revisions\/704"}],"up":[{"embeddable":true,"href":"https:\/\/www.bmz.sk\/de\/wp-json\/wp\/v2\/pages\/366"}],"wp:attachment":[{"href":"https:\/\/www.bmz.sk\/de\/wp-json\/wp\/v2\/media?parent=699"}],"curies":[{"name":"wp","href":"https:\/\/api.w.org\/{rel}","templated":true}]}}