{"id":717,"date":"2022-07-11T11:20:27","date_gmt":"2022-07-11T11:20:27","guid":{"rendered":"https:\/\/bmz.pxl.sk\/?page_id=717"},"modified":"2022-07-25T08:21:46","modified_gmt":"2022-07-25T08:21:46","slug":"stahlkonstruktionen","status":"publish","type":"page","link":"https:\/\/www.bmz.sk\/de\/produkte\/stahlkonstruktionen\/","title":{"rendered":"Stahlkonstruktionen"},"content":{"rendered":"<p>[vc_row][vc_column]<div class=\"porto-u-heading  wpb_custom_95aa9a11c17ad45cfabaf210d84ee7cc\" data-hspacer=\"no_spacer\" data-halign=\"left\" style=\"text-align:left\"><div class=\"porto-u-main-heading\"><h2   style=\"margin-bottom: 50px;\">Stahlkonstruktionen<\/h2><\/div><\/div><div class=\"porto-sicon-box  wpb_custom_1efe903570d178ff0a9b7bfa5febd3a4 style_1 default-icon flex-wrap\"><div class=\"porto-sicon-description\" style=\"\">BMZ a.s. stellt Bau- und technologische Stahlkonstruktionen her, f\u00fcr die Produktion ist sie nach DIN 18800-7 zertifiziert. Die Gewichte einzelner Elemente sind bis zu einem Gewicht von 20.000 kg realisierbar.<\/div> <!-- description --><\/div><!-- porto-sicon-box -->[\/vc_column][\/vc_row][vc_row full_width=&#8220;stretch_row_content_no_spaces&#8220;][vc_column][vc_row_inner][vc_column_inner width=&#8220;1\/4&#8243;][vc_single_image image=&#8220;542&#8243; img_size=&#8220;full&#8220;][\/vc_column_inner][vc_column_inner width=&#8220;1\/4&#8243;][vc_single_image image=&#8220;545&#8243; img_size=&#8220;full&#8220;][\/vc_column_inner][vc_column_inner width=&#8220;1\/4&#8243;][vc_single_image image=&#8220;548&#8243; img_size=&#8220;full&#8220;][\/vc_column_inner][vc_column_inner width=&#8220;1\/4&#8243;][vc_single_image image=&#8220;551&#8243; img_size=&#8220;full&#8220;][\/vc_column_inner][\/vc_row_inner][\/vc_column][\/vc_row]<\/p>\n","protected":false},"excerpt":{"rendered":"<p>[vc_row][vc_column][\/vc_column][\/vc_row][vc_row full_width=&#8220;stretch_row_content_no_spaces&#8220;][vc_column][vc_row_inner][vc_column_inner width=&#8220;1\/4&#8243;][vc_single_image image=&#8220;542&#8243; img_size=&#8220;full&#8220;][\/vc_column_inner][vc_column_inner width=&#8220;1\/4&#8243;][vc_single_image image=&#8220;545&#8243; img_size=&#8220;full&#8220;][\/vc_column_inner][vc_column_inner width=&#8220;1\/4&#8243;][vc_single_image image=&#8220;548&#8243; img_size=&#8220;full&#8220;][\/vc_column_inner][vc_column_inner width=&#8220;1\/4&#8243;][vc_single_image image=&#8220;551&#8243; img_size=&#8220;full&#8220;][\/vc_column_inner][\/vc_row_inner][\/vc_column][\/vc_row]<\/p>\n","protected":false},"author":3,"featured_media":0,"parent":366,"menu_order":0,"comment_status":"closed","ping_status":"closed","template":"","meta":{"inline_featured_image":false,"footnotes":""},"class_list":["post-717","page","type-page","status-publish","hentry"],"yoast_head":"<!-- This site is optimized with the Yoast SEO plugin v19.2 - https:\/\/yoast.com\/wordpress\/plugins\/seo\/ -->\n<title>Stahlkonstruktionen - BMZ a.s. Engineering-Produktionsunternehmen<\/title>\n<meta name=\"description\" content=\"Stahlkonstruktionen des Maschinenbauunternehmens BMZ a.s., das seit 1969 auf dem Maschinenbaumarkt t\u00e4tig ist.\" \/>\n<meta name=\"robots\" content=\"index, follow, max-snippet:-1, max-image-preview:large, max-video-preview:-1\" \/>\n<link rel=\"canonical\" href=\"https:\/\/www.bmz.sk\/de\/produkte\/stahlkonstruktionen\/\" \/>\n<meta property=\"og:locale\" content=\"de_DE\" \/>\n<meta property=\"og:type\" content=\"article\" \/>\n<meta property=\"og:title\" content=\"Stahlkonstruktionen - BMZ a.s. Engineering-Produktionsunternehmen\" \/>\n<meta property=\"og:description\" content=\"Stahlkonstruktionen des Maschinenbauunternehmens BMZ a.s., das seit 1969 auf dem Maschinenbaumarkt t\u00e4tig ist.\" \/>\n<meta property=\"og:url\" content=\"https:\/\/www.bmz.sk\/de\/produkte\/stahlkonstruktionen\/\" \/>\n<meta property=\"og:site_name\" content=\"BMZ\" \/>\n<meta property=\"article:modified_time\" content=\"2022-07-25T08:21:46+00:00\" \/>\n<meta name=\"author\" content=\"tina\" \/>\n<meta name=\"twitter:card\" content=\"summary_large_image\" \/>\n<meta name=\"twitter:label1\" content=\"Gesch\u00e4tzte Lesezeit\" \/>\n\t<meta name=\"twitter:data1\" content=\"1\u00a0Minute\" \/>\n<script type=\"application\/ld+json\" class=\"yoast-schema-graph\">{\"@context\":\"https:\/\/schema.org\",\"@graph\":[{\"@type\":\"WebSite\",\"@id\":\"https:\/\/www.bmz.sk\/#website\",\"url\":\"https:\/\/www.bmz.sk\/\",\"name\":\"BMZ\",\"description\":\"Stroj\u00e1rska v\u00fdrobn\u00e1 spolo\u010dnos\u0165\",\"potentialAction\":[{\"@type\":\"SearchAction\",\"target\":{\"@type\":\"EntryPoint\",\"urlTemplate\":\"https:\/\/www.bmz.sk\/?s={search_term_string}\"},\"query-input\":\"required name=search_term_string\"}],\"inLanguage\":\"de\"},{\"@type\":\"WebPage\",\"@id\":\"https:\/\/www.bmz.sk\/de\/produkte\/stahlkonstruktionen\/#webpage\",\"url\":\"https:\/\/www.bmz.sk\/de\/produkte\/stahlkonstruktionen\/\",\"name\":\"Stahlkonstruktionen - BMZ a.s. Engineering-Produktionsunternehmen\",\"isPartOf\":{\"@id\":\"https:\/\/www.bmz.sk\/#website\"},\"datePublished\":\"2022-07-11T11:20:27+00:00\",\"dateModified\":\"2022-07-25T08:21:46+00:00\",\"description\":\"Stahlkonstruktionen des Maschinenbauunternehmens BMZ a.s., das seit 1969 auf dem Maschinenbaumarkt t\u00e4tig ist.\",\"breadcrumb\":{\"@id\":\"https:\/\/www.bmz.sk\/de\/produkte\/stahlkonstruktionen\/#breadcrumb\"},\"inLanguage\":\"de\",\"potentialAction\":[{\"@type\":\"ReadAction\",\"target\":[\"https:\/\/www.bmz.sk\/de\/produkte\/stahlkonstruktionen\/\"]}]},{\"@type\":\"BreadcrumbList\",\"@id\":\"https:\/\/www.bmz.sk\/de\/produkte\/stahlkonstruktionen\/#breadcrumb\",\"itemListElement\":[{\"@type\":\"ListItem\",\"position\":1,\"name\":\"Domovsk\u00e1 str\u00e1nka\",\"item\":\"https:\/\/www.bmz.sk\/de\/\"},{\"@type\":\"ListItem\",\"position\":2,\"name\":\"Produkte\",\"item\":\"https:\/\/www.bmz.sk\/de\/produkte\/\"},{\"@type\":\"ListItem\",\"position\":3,\"name\":\"Stahlkonstruktionen\"}]}]}<\/script>\n<!-- \/ Yoast SEO plugin. -->","yoast_head_json":{"title":"Stahlkonstruktionen - BMZ a.s. Engineering-Produktionsunternehmen","description":"Stahlkonstruktionen des Maschinenbauunternehmens BMZ a.s., das seit 1969 auf dem Maschinenbaumarkt t\u00e4tig ist.","robots":{"index":"index","follow":"follow","max-snippet":"max-snippet:-1","max-image-preview":"max-image-preview:large","max-video-preview":"max-video-preview:-1"},"canonical":"https:\/\/www.bmz.sk\/de\/produkte\/stahlkonstruktionen\/","og_locale":"de_DE","og_type":"article","og_title":"Stahlkonstruktionen - BMZ a.s. Engineering-Produktionsunternehmen","og_description":"Stahlkonstruktionen des Maschinenbauunternehmens BMZ a.s., das seit 1969 auf dem Maschinenbaumarkt t\u00e4tig ist.","og_url":"https:\/\/www.bmz.sk\/de\/produkte\/stahlkonstruktionen\/","og_site_name":"BMZ","article_modified_time":"2022-07-25T08:21:46+00:00","author":"tina","twitter_card":"summary_large_image","twitter_misc":{"Gesch\u00e4tzte Lesezeit":"1\u00a0Minute"},"schema":{"@context":"https:\/\/schema.org","@graph":[{"@type":"WebSite","@id":"https:\/\/www.bmz.sk\/#website","url":"https:\/\/www.bmz.sk\/","name":"BMZ","description":"Stroj\u00e1rska v\u00fdrobn\u00e1 spolo\u010dnos\u0165","potentialAction":[{"@type":"SearchAction","target":{"@type":"EntryPoint","urlTemplate":"https:\/\/www.bmz.sk\/?s={search_term_string}"},"query-input":"required name=search_term_string"}],"inLanguage":"de"},{"@type":"WebPage","@id":"https:\/\/www.bmz.sk\/de\/produkte\/stahlkonstruktionen\/#webpage","url":"https:\/\/www.bmz.sk\/de\/produkte\/stahlkonstruktionen\/","name":"Stahlkonstruktionen - BMZ a.s. Engineering-Produktionsunternehmen","isPartOf":{"@id":"https:\/\/www.bmz.sk\/#website"},"datePublished":"2022-07-11T11:20:27+00:00","dateModified":"2022-07-25T08:21:46+00:00","description":"Stahlkonstruktionen des Maschinenbauunternehmens BMZ a.s., das seit 1969 auf dem Maschinenbaumarkt t\u00e4tig ist.","breadcrumb":{"@id":"https:\/\/www.bmz.sk\/de\/produkte\/stahlkonstruktionen\/#breadcrumb"},"inLanguage":"de","potentialAction":[{"@type":"ReadAction","target":["https:\/\/www.bmz.sk\/de\/produkte\/stahlkonstruktionen\/"]}]},{"@type":"BreadcrumbList","@id":"https:\/\/www.bmz.sk\/de\/produkte\/stahlkonstruktionen\/#breadcrumb","itemListElement":[{"@type":"ListItem","position":1,"name":"Domovsk\u00e1 str\u00e1nka","item":"https:\/\/www.bmz.sk\/de\/"},{"@type":"ListItem","position":2,"name":"Produkte","item":"https:\/\/www.bmz.sk\/de\/produkte\/"},{"@type":"ListItem","position":3,"name":"Stahlkonstruktionen"}]}]}},"_links":{"self":[{"href":"https:\/\/www.bmz.sk\/de\/wp-json\/wp\/v2\/pages\/717","targetHints":{"allow":["GET"]}}],"collection":[{"href":"https:\/\/www.bmz.sk\/de\/wp-json\/wp\/v2\/pages"}],"about":[{"href":"https:\/\/www.bmz.sk\/de\/wp-json\/wp\/v2\/types\/page"}],"author":[{"embeddable":true,"href":"https:\/\/www.bmz.sk\/de\/wp-json\/wp\/v2\/users\/3"}],"replies":[{"embeddable":true,"href":"https:\/\/www.bmz.sk\/de\/wp-json\/wp\/v2\/comments?post=717"}],"version-history":[{"count":3,"href":"https:\/\/www.bmz.sk\/de\/wp-json\/wp\/v2\/pages\/717\/revisions"}],"predecessor-version":[{"id":720,"href":"https:\/\/www.bmz.sk\/de\/wp-json\/wp\/v2\/pages\/717\/revisions\/720"}],"up":[{"embeddable":true,"href":"https:\/\/www.bmz.sk\/de\/wp-json\/wp\/v2\/pages\/366"}],"wp:attachment":[{"href":"https:\/\/www.bmz.sk\/de\/wp-json\/wp\/v2\/media?parent=717"}],"curies":[{"name":"wp","href":"https:\/\/api.w.org\/{rel}","templated":true}]}}