{"id":744,"date":"2022-07-08T13:36:25","date_gmt":"2022-07-08T13:36:25","guid":{"rendered":"https:\/\/www.bmz.sk\/zakazkova-vyroba\/"},"modified":"2022-07-25T08:05:23","modified_gmt":"2022-07-25T08:05:23","slug":"produktion-auf-bestellung-2","status":"publish","type":"page","link":"https:\/\/www.bmz.sk\/de\/produktion-auf-bestellung-2\/","title":{"rendered":"Produktion auf Bestellung"},"content":{"rendered":"<p>[vc_row full_width=&#8220;stretch_row_content_no_spaces&#8220;][vc_column][vc_single_image image=&#8220;522&#8243; img_size=&#8220;full&#8220;][\/vc_column][\/vc_row][vc_row wrap_container=&#8220;yes&#8220;][vc_column width=&#8220;1\/2&#8243;]<div class=\"porto-u-heading  wpb_custom_95aa9a11c17ad45cfabaf210d84ee7cc\" data-hspacer=\"no_spacer\" data-halign=\"left\" style=\"text-align:left\"><div class=\"porto-u-main-heading\"><h2   style=\"margin-bottom: 25px;\">Produktion auf Bestellung<\/h2><\/div><div class=\"porto-u-sub-heading\" style=\"\">BMZ a.s. stellt die Produktion von technischen Teilen, Untergruppen und Ausr\u00fcstungen gem\u00e4\u00df den Anforderungen sicher oder Kundendokumentation. Ein breites Technologiespektrum erm\u00f6glicht eine komplexe Produktion von der Materialverteilung, dem Schwei\u00dfen, der Bearbeitung bis hin zur Oberfl\u00e4chenbehandlung.<\/div><\/div>[\/vc_column][vc_column width=&#8220;1\/2&#8243;][\/vc_column][\/vc_row][vc_row full_width=&#8220;stretch_row_content_no_spaces&#8220;][vc_column][vc_column_text]<\/p>\n<style type=\"text\/css\">\n#foogallery-gallery-732 .fg-image { width: 450px; }\n#foogallery-gallery-732 { --fg-gutter: 10px; }<\/style>\n\t\t\t<div class=\"foogallery foogallery-container foogallery-default foogallery-lightbox-foobox fg-left fg-default fg-ready fg-light fg-loading-default fg-loaded-fade-in fg-caption-hover fg-hover-fade fg-hover-zoom\" id=\"foogallery-gallery-732\" data-foogallery=\"{&quot;item&quot;:{&quot;showCaptionTitle&quot;:true,&quot;showCaptionDescription&quot;:true},&quot;lazy&quot;:true}\" style=\"--fg-title-line-clamp: 0; --fg-description-line-clamp: 0;\" >\n\t<div class=\"fg-item fg-type-image fg-idle\"><figure class=\"fg-item-inner\"><a href=\"https:\/\/www.bmz.sk\/wp-content\/uploads\/2022\/07\/zakazkova-vyroba-01.jpg\" data-attachment-id=\"595\" data-type=\"image\" class=\"fg-thumb\"><span class=\"fg-image-wrap\"><img fetchpriority=\"high\" decoding=\"async\" width=\"450\" height=\"450\" class=\"skip-lazy fg-image\" data-src-fg=\"https:\/\/www.bmz.sk\/wp-content\/uploads\/cache\/2022\/07\/zakazkova-vyroba-01\/2686513365.jpg\" src=\"data:image\/svg+xml,%3Csvg%20xmlns%3D%22http%3A%2F%2Fwww.w3.org%2F2000%2Fsvg%22%20width%3D%22450%22%20height%3D%22450%22%20viewBox%3D%220%200%20450%20450%22%3E%3C%2Fsvg%3E\" loading=\"eager\"><\/span><span class=\"fg-image-overlay\"><\/span><\/a><\/figure><div class=\"fg-loader\"><\/div><\/div><div class=\"fg-item fg-type-image fg-idle\"><figure class=\"fg-item-inner\"><a href=\"https:\/\/www.bmz.sk\/wp-content\/uploads\/2022\/07\/zakazkova-vyroba-02.jpg\" data-attachment-id=\"592\" data-type=\"image\" class=\"fg-thumb\"><span class=\"fg-image-wrap\"><img decoding=\"async\" width=\"450\" height=\"450\" class=\"skip-lazy fg-image\" data-src-fg=\"https:\/\/www.bmz.sk\/wp-content\/uploads\/cache\/2022\/07\/zakazkova-vyroba-02\/963431673.jpg\" src=\"data:image\/svg+xml,%3Csvg%20xmlns%3D%22http%3A%2F%2Fwww.w3.org%2F2000%2Fsvg%22%20width%3D%22450%22%20height%3D%22450%22%20viewBox%3D%220%200%20450%20450%22%3E%3C%2Fsvg%3E\" loading=\"eager\"><\/span><span class=\"fg-image-overlay\"><\/span><\/a><\/figure><div class=\"fg-loader\"><\/div><\/div><div class=\"fg-item fg-type-image fg-idle\"><figure class=\"fg-item-inner\"><a href=\"https:\/\/www.bmz.sk\/wp-content\/uploads\/2022\/07\/zakazkova-vyroba-03.jpg\" data-attachment-id=\"588\" data-type=\"image\" class=\"fg-thumb\"><span class=\"fg-image-wrap\"><img decoding=\"async\" width=\"450\" height=\"450\" class=\"skip-lazy fg-image\" data-src-fg=\"https:\/\/www.bmz.sk\/wp-content\/uploads\/cache\/2022\/07\/zakazkova-vyroba-03\/3329043267.jpg\" src=\"data:image\/svg+xml,%3Csvg%20xmlns%3D%22http%3A%2F%2Fwww.w3.org%2F2000%2Fsvg%22%20width%3D%22450%22%20height%3D%22450%22%20viewBox%3D%220%200%20450%20450%22%3E%3C%2Fsvg%3E\" loading=\"eager\"><\/span><span class=\"fg-image-overlay\"><\/span><\/a><\/figure><div class=\"fg-loader\"><\/div><\/div><div class=\"fg-item fg-type-image fg-idle\"><figure class=\"fg-item-inner\"><a href=\"https:\/\/www.bmz.sk\/wp-content\/uploads\/2022\/07\/zakazkova-vyroba-04.jpg\" data-attachment-id=\"585\" data-type=\"image\" class=\"fg-thumb\"><span class=\"fg-image-wrap\"><img decoding=\"async\" width=\"450\" height=\"450\" class=\"skip-lazy fg-image\" data-src-fg=\"https:\/\/www.bmz.sk\/wp-content\/uploads\/cache\/2022\/07\/zakazkova-vyroba-04\/2921633396.jpg\" src=\"data:image\/svg+xml,%3Csvg%20xmlns%3D%22http%3A%2F%2Fwww.w3.org%2F2000%2Fsvg%22%20width%3D%22450%22%20height%3D%22450%22%20viewBox%3D%220%200%20450%20450%22%3E%3C%2Fsvg%3E\" loading=\"eager\"><\/span><span class=\"fg-image-overlay\"><\/span><\/a><\/figure><div class=\"fg-loader\"><\/div><\/div><div class=\"fg-item fg-type-image fg-idle\"><figure class=\"fg-item-inner\"><a href=\"https:\/\/www.bmz.sk\/wp-content\/uploads\/2022\/07\/zakazkova-vyroba-05.jpg\" data-attachment-id=\"582\" data-type=\"image\" class=\"fg-thumb\"><span class=\"fg-image-wrap\"><img decoding=\"async\" width=\"450\" height=\"450\" class=\"skip-lazy fg-image\" data-src-fg=\"https:\/\/www.bmz.sk\/wp-content\/uploads\/cache\/2022\/07\/zakazkova-vyroba-05\/1968024869.jpg\" src=\"data:image\/svg+xml,%3Csvg%20xmlns%3D%22http%3A%2F%2Fwww.w3.org%2F2000%2Fsvg%22%20width%3D%22450%22%20height%3D%22450%22%20viewBox%3D%220%200%20450%20450%22%3E%3C%2Fsvg%3E\" loading=\"eager\"><\/span><span class=\"fg-image-overlay\"><\/span><\/a><\/figure><div class=\"fg-loader\"><\/div><\/div><div class=\"fg-item fg-type-image fg-idle\"><figure class=\"fg-item-inner\"><a href=\"https:\/\/www.bmz.sk\/wp-content\/uploads\/2022\/07\/zakazkova-vyroba-06.jpg\" data-attachment-id=\"579\" data-type=\"image\" class=\"fg-thumb\"><span class=\"fg-image-wrap\"><img decoding=\"async\" width=\"450\" height=\"450\" class=\"skip-lazy fg-image\" data-src-fg=\"https:\/\/www.bmz.sk\/wp-content\/uploads\/cache\/2022\/07\/zakazkova-vyroba-06\/1378339193.jpg\" src=\"data:image\/svg+xml,%3Csvg%20xmlns%3D%22http%3A%2F%2Fwww.w3.org%2F2000%2Fsvg%22%20width%3D%22450%22%20height%3D%22450%22%20viewBox%3D%220%200%20450%20450%22%3E%3C%2Fsvg%3E\" loading=\"eager\"><\/span><span class=\"fg-image-overlay\"><\/span><\/a><\/figure><div class=\"fg-loader\"><\/div><\/div><div class=\"fg-item fg-type-image fg-idle\"><figure class=\"fg-item-inner\"><a href=\"https:\/\/www.bmz.sk\/wp-content\/uploads\/2022\/07\/zakazkova-vyroba-07.jpg\" data-attachment-id=\"576\" data-type=\"image\" class=\"fg-thumb\"><span class=\"fg-image-wrap\"><img decoding=\"async\" width=\"450\" height=\"450\" class=\"skip-lazy fg-image\" data-src-fg=\"https:\/\/www.bmz.sk\/wp-content\/uploads\/cache\/2022\/07\/zakazkova-vyroba-07\/1021117142.jpg\" src=\"data:image\/svg+xml,%3Csvg%20xmlns%3D%22http%3A%2F%2Fwww.w3.org%2F2000%2Fsvg%22%20width%3D%22450%22%20height%3D%22450%22%20viewBox%3D%220%200%20450%20450%22%3E%3C%2Fsvg%3E\" loading=\"eager\"><\/span><span class=\"fg-image-overlay\"><\/span><\/a><\/figure><div class=\"fg-loader\"><\/div><\/div><div class=\"fg-item fg-type-image fg-idle\"><figure class=\"fg-item-inner\"><a href=\"https:\/\/www.bmz.sk\/wp-content\/uploads\/2022\/07\/zakazkova-vyroba-08.jpg\" data-attachment-id=\"573\" data-type=\"image\" class=\"fg-thumb\"><span class=\"fg-image-wrap\"><img decoding=\"async\" width=\"450\" height=\"450\" class=\"skip-lazy fg-image\" data-src-fg=\"https:\/\/www.bmz.sk\/wp-content\/uploads\/cache\/2022\/07\/zakazkova-vyroba-08\/853693610.jpg\" src=\"data:image\/svg+xml,%3Csvg%20xmlns%3D%22http%3A%2F%2Fwww.w3.org%2F2000%2Fsvg%22%20width%3D%22450%22%20height%3D%22450%22%20viewBox%3D%220%200%20450%20450%22%3E%3C%2Fsvg%3E\" loading=\"eager\"><\/span><span class=\"fg-image-overlay\"><\/span><\/a><\/figure><div class=\"fg-loader\"><\/div><\/div><div class=\"fg-item fg-type-image fg-idle\"><figure class=\"fg-item-inner\"><a href=\"https:\/\/www.bmz.sk\/wp-content\/uploads\/2022\/07\/zakazkova-vyroba-09.jpg\" data-attachment-id=\"570\" data-type=\"image\" class=\"fg-thumb\"><span class=\"fg-image-wrap\"><img decoding=\"async\" width=\"450\" height=\"450\" class=\"skip-lazy fg-image\" data-src-fg=\"https:\/\/www.bmz.sk\/wp-content\/uploads\/cache\/2022\/07\/zakazkova-vyroba-09\/3007485828.jpg\" src=\"data:image\/svg+xml,%3Csvg%20xmlns%3D%22http%3A%2F%2Fwww.w3.org%2F2000%2Fsvg%22%20width%3D%22450%22%20height%3D%22450%22%20viewBox%3D%220%200%20450%20450%22%3E%3C%2Fsvg%3E\" loading=\"eager\"><\/span><span class=\"fg-image-overlay\"><\/span><\/a><\/figure><div class=\"fg-loader\"><\/div><\/div><div class=\"fg-item fg-type-image fg-idle\"><figure class=\"fg-item-inner\"><a href=\"https:\/\/www.bmz.sk\/wp-content\/uploads\/2022\/07\/zakazkova-vyroba-10.jpg\" data-attachment-id=\"567\" data-type=\"image\" class=\"fg-thumb\"><span class=\"fg-image-wrap\"><img decoding=\"async\" width=\"450\" height=\"450\" class=\"skip-lazy fg-image\" data-src-fg=\"https:\/\/www.bmz.sk\/wp-content\/uploads\/cache\/2022\/07\/zakazkova-vyroba-10\/3931229158.jpg\" src=\"data:image\/svg+xml,%3Csvg%20xmlns%3D%22http%3A%2F%2Fwww.w3.org%2F2000%2Fsvg%22%20width%3D%22450%22%20height%3D%22450%22%20viewBox%3D%220%200%20450%20450%22%3E%3C%2Fsvg%3E\" loading=\"eager\"><\/span><span class=\"fg-image-overlay\"><\/span><\/a><\/figure><div class=\"fg-loader\"><\/div><\/div><div class=\"fg-item fg-type-image fg-idle\"><figure class=\"fg-item-inner\"><a href=\"https:\/\/www.bmz.sk\/wp-content\/uploads\/2022\/07\/zakazkova-vyroba-11.jpg\" data-attachment-id=\"564\" data-type=\"image\" class=\"fg-thumb\"><span class=\"fg-image-wrap\"><img decoding=\"async\" width=\"450\" height=\"450\" class=\"skip-lazy fg-image\" data-src-fg=\"https:\/\/www.bmz.sk\/wp-content\/uploads\/cache\/2022\/07\/zakazkova-vyroba-11\/1810958536.jpg\" src=\"data:image\/svg+xml,%3Csvg%20xmlns%3D%22http%3A%2F%2Fwww.w3.org%2F2000%2Fsvg%22%20width%3D%22450%22%20height%3D%22450%22%20viewBox%3D%220%200%20450%20450%22%3E%3C%2Fsvg%3E\" loading=\"eager\"><\/span><span class=\"fg-image-overlay\"><\/span><\/a><\/figure><div class=\"fg-loader\"><\/div><\/div><div class=\"fg-item fg-type-image fg-idle\"><figure class=\"fg-item-inner\"><a href=\"https:\/\/www.bmz.sk\/wp-content\/uploads\/2022\/07\/triedice-1.jpeg\" data-attachment-id=\"528\" data-type=\"image\" class=\"fg-thumb\"><span class=\"fg-image-wrap\"><img decoding=\"async\" width=\"450\" height=\"450\" class=\"skip-lazy fg-image\" data-src-fg=\"https:\/\/www.bmz.sk\/wp-content\/uploads\/cache\/2022\/07\/triedice-1\/992774256.jpeg\" src=\"data:image\/svg+xml,%3Csvg%20xmlns%3D%22http%3A%2F%2Fwww.w3.org%2F2000%2Fsvg%22%20width%3D%22450%22%20height%3D%22450%22%20viewBox%3D%220%200%20450%20450%22%3E%3C%2Fsvg%3E\" loading=\"eager\"><\/span><span class=\"fg-image-overlay\"><\/span><\/a><\/figure><div class=\"fg-loader\"><\/div><\/div><div class=\"fg-item fg-type-image fg-idle\"><figure class=\"fg-item-inner\"><a href=\"https:\/\/www.bmz.sk\/wp-content\/uploads\/2022\/07\/konstruk-1.jpeg\" data-attachment-id=\"542\" data-type=\"image\" class=\"fg-thumb\"><span class=\"fg-image-wrap\"><img decoding=\"async\" width=\"450\" height=\"450\" class=\"skip-lazy fg-image\" data-src-fg=\"https:\/\/www.bmz.sk\/wp-content\/uploads\/cache\/2022\/07\/konstruk-1\/1811714071.jpeg\" src=\"data:image\/svg+xml,%3Csvg%20xmlns%3D%22http%3A%2F%2Fwww.w3.org%2F2000%2Fsvg%22%20width%3D%22450%22%20height%3D%22450%22%20viewBox%3D%220%200%20450%20450%22%3E%3C%2Fsvg%3E\" loading=\"eager\"><\/span><span class=\"fg-image-overlay\"><\/span><\/a><\/figure><div class=\"fg-loader\"><\/div><\/div><\/div>\n\n<p>[\/vc_column_text][\/vc_column][\/vc_row]<\/p>\n","protected":false},"excerpt":{"rendered":"<p>[vc_row full_width=&#8220;stretch_row_content_no_spaces&#8220;][vc_column][vc_single_image image=&#8220;522&#8243; img_size=&#8220;full&#8220;][\/vc_column][\/vc_row][vc_row wrap_container=&#8220;yes&#8220;][vc_column width=&#8220;1\/2&#8243;][\/vc_column][vc_column width=&#8220;1\/2&#8243;][\/vc_column][\/vc_row][vc_row full_width=&#8220;stretch_row_content_no_spaces&#8220;][vc_column][vc_column_text] [\/vc_column_text][\/vc_column][\/vc_row]<\/p>\n","protected":false},"author":2,"featured_media":0,"parent":0,"menu_order":0,"comment_status":"closed","ping_status":"closed","template":"","meta":{"inline_featured_image":false,"footnotes":""},"class_list":["post-744","page","type-page","status-publish","hentry"],"yoast_head":"<!-- This site is optimized with the Yoast SEO plugin v19.2 - https:\/\/yoast.com\/wordpress\/plugins\/seo\/ -->\n<title>Produktion auf Bestellung - BMZ Engineering-Produktionsunternehmen<\/title>\n<meta name=\"description\" content=\"BMZ a.s. stellt die Produktion von technischen Teilen, Untergruppen und Ausr\u00fcstungen gem\u00e4\u00df den Anforderungen sicher oder Kundendokumentation.\" \/>\n<meta name=\"robots\" content=\"index, follow, max-snippet:-1, max-image-preview:large, max-video-preview:-1\" \/>\n<link rel=\"canonical\" href=\"https:\/\/www.bmz.sk\/de\/produktion-auf-bestellung-2\/\" \/>\n<meta property=\"og:locale\" content=\"de_DE\" \/>\n<meta property=\"og:type\" content=\"article\" \/>\n<meta property=\"og:title\" content=\"Produktion auf Bestellung - BMZ Engineering-Produktionsunternehmen\" \/>\n<meta property=\"og:description\" content=\"BMZ a.s. stellt die Produktion von technischen Teilen, Untergruppen und Ausr\u00fcstungen gem\u00e4\u00df den Anforderungen sicher oder Kundendokumentation.\" \/>\n<meta property=\"og:url\" content=\"https:\/\/www.bmz.sk\/de\/produktion-auf-bestellung-2\/\" \/>\n<meta property=\"og:site_name\" content=\"BMZ\" \/>\n<meta property=\"article:modified_time\" content=\"2022-07-25T08:05:23+00:00\" \/>\n<meta name=\"author\" content=\"sani\" \/>\n<meta name=\"twitter:card\" content=\"summary_large_image\" \/>\n<meta name=\"twitter:label1\" content=\"Gesch\u00e4tzte Lesezeit\" \/>\n\t<meta name=\"twitter:data1\" content=\"1\u00a0Minute\" \/>\n<script type=\"application\/ld+json\" class=\"yoast-schema-graph\">{\"@context\":\"https:\/\/schema.org\",\"@graph\":[{\"@type\":\"WebSite\",\"@id\":\"https:\/\/www.bmz.sk\/#website\",\"url\":\"https:\/\/www.bmz.sk\/\",\"name\":\"BMZ\",\"description\":\"Stroj\u00e1rska v\u00fdrobn\u00e1 spolo\u010dnos\u0165\",\"potentialAction\":[{\"@type\":\"SearchAction\",\"target\":{\"@type\":\"EntryPoint\",\"urlTemplate\":\"https:\/\/www.bmz.sk\/?s={search_term_string}\"},\"query-input\":\"required name=search_term_string\"}],\"inLanguage\":\"de\"},{\"@type\":\"WebPage\",\"@id\":\"https:\/\/www.bmz.sk\/de\/produktion-auf-bestellung-2\/#webpage\",\"url\":\"https:\/\/www.bmz.sk\/de\/produktion-auf-bestellung-2\/\",\"name\":\"Produktion auf Bestellung - BMZ Engineering-Produktionsunternehmen\",\"isPartOf\":{\"@id\":\"https:\/\/www.bmz.sk\/#website\"},\"datePublished\":\"2022-07-08T13:36:25+00:00\",\"dateModified\":\"2022-07-25T08:05:23+00:00\",\"description\":\"BMZ a.s. stellt die Produktion von technischen Teilen, Untergruppen und Ausr\u00fcstungen gem\u00e4\u00df den Anforderungen sicher oder Kundendokumentation.\",\"breadcrumb\":{\"@id\":\"https:\/\/www.bmz.sk\/de\/produktion-auf-bestellung-2\/#breadcrumb\"},\"inLanguage\":\"de\",\"potentialAction\":[{\"@type\":\"ReadAction\",\"target\":[\"https:\/\/www.bmz.sk\/de\/produktion-auf-bestellung-2\/\"]}]},{\"@type\":\"BreadcrumbList\",\"@id\":\"https:\/\/www.bmz.sk\/de\/produktion-auf-bestellung-2\/#breadcrumb\",\"itemListElement\":[{\"@type\":\"ListItem\",\"position\":1,\"name\":\"Domovsk\u00e1 str\u00e1nka\",\"item\":\"https:\/\/www.bmz.sk\/de\/\"},{\"@type\":\"ListItem\",\"position\":2,\"name\":\"Produktion auf Bestellung\"}]}]}<\/script>\n<!-- \/ Yoast SEO plugin. -->","yoast_head_json":{"title":"Produktion auf Bestellung - BMZ Engineering-Produktionsunternehmen","description":"BMZ a.s. stellt die Produktion von technischen Teilen, Untergruppen und Ausr\u00fcstungen gem\u00e4\u00df den Anforderungen sicher oder Kundendokumentation.","robots":{"index":"index","follow":"follow","max-snippet":"max-snippet:-1","max-image-preview":"max-image-preview:large","max-video-preview":"max-video-preview:-1"},"canonical":"https:\/\/www.bmz.sk\/de\/produktion-auf-bestellung-2\/","og_locale":"de_DE","og_type":"article","og_title":"Produktion auf Bestellung - BMZ Engineering-Produktionsunternehmen","og_description":"BMZ a.s. stellt die Produktion von technischen Teilen, Untergruppen und Ausr\u00fcstungen gem\u00e4\u00df den Anforderungen sicher oder Kundendokumentation.","og_url":"https:\/\/www.bmz.sk\/de\/produktion-auf-bestellung-2\/","og_site_name":"BMZ","article_modified_time":"2022-07-25T08:05:23+00:00","author":"sani","twitter_card":"summary_large_image","twitter_misc":{"Gesch\u00e4tzte Lesezeit":"1\u00a0Minute"},"schema":{"@context":"https:\/\/schema.org","@graph":[{"@type":"WebSite","@id":"https:\/\/www.bmz.sk\/#website","url":"https:\/\/www.bmz.sk\/","name":"BMZ","description":"Stroj\u00e1rska v\u00fdrobn\u00e1 spolo\u010dnos\u0165","potentialAction":[{"@type":"SearchAction","target":{"@type":"EntryPoint","urlTemplate":"https:\/\/www.bmz.sk\/?s={search_term_string}"},"query-input":"required name=search_term_string"}],"inLanguage":"de"},{"@type":"WebPage","@id":"https:\/\/www.bmz.sk\/de\/produktion-auf-bestellung-2\/#webpage","url":"https:\/\/www.bmz.sk\/de\/produktion-auf-bestellung-2\/","name":"Produktion auf Bestellung - BMZ Engineering-Produktionsunternehmen","isPartOf":{"@id":"https:\/\/www.bmz.sk\/#website"},"datePublished":"2022-07-08T13:36:25+00:00","dateModified":"2022-07-25T08:05:23+00:00","description":"BMZ a.s. stellt die Produktion von technischen Teilen, Untergruppen und Ausr\u00fcstungen gem\u00e4\u00df den Anforderungen sicher oder Kundendokumentation.","breadcrumb":{"@id":"https:\/\/www.bmz.sk\/de\/produktion-auf-bestellung-2\/#breadcrumb"},"inLanguage":"de","potentialAction":[{"@type":"ReadAction","target":["https:\/\/www.bmz.sk\/de\/produktion-auf-bestellung-2\/"]}]},{"@type":"BreadcrumbList","@id":"https:\/\/www.bmz.sk\/de\/produktion-auf-bestellung-2\/#breadcrumb","itemListElement":[{"@type":"ListItem","position":1,"name":"Domovsk\u00e1 str\u00e1nka","item":"https:\/\/www.bmz.sk\/de\/"},{"@type":"ListItem","position":2,"name":"Produktion auf Bestellung"}]}]}},"_links":{"self":[{"href":"https:\/\/www.bmz.sk\/de\/wp-json\/wp\/v2\/pages\/744","targetHints":{"allow":["GET"]}}],"collection":[{"href":"https:\/\/www.bmz.sk\/de\/wp-json\/wp\/v2\/pages"}],"about":[{"href":"https:\/\/www.bmz.sk\/de\/wp-json\/wp\/v2\/types\/page"}],"author":[{"embeddable":true,"href":"https:\/\/www.bmz.sk\/de\/wp-json\/wp\/v2\/users\/2"}],"replies":[{"embeddable":true,"href":"https:\/\/www.bmz.sk\/de\/wp-json\/wp\/v2\/comments?post=744"}],"version-history":[{"count":3,"href":"https:\/\/www.bmz.sk\/de\/wp-json\/wp\/v2\/pages\/744\/revisions"}],"predecessor-version":[{"id":749,"href":"https:\/\/www.bmz.sk\/de\/wp-json\/wp\/v2\/pages\/744\/revisions\/749"}],"wp:attachment":[{"href":"https:\/\/www.bmz.sk\/de\/wp-json\/wp\/v2\/media?parent=744"}],"curies":[{"name":"wp","href":"https:\/\/api.w.org\/{rel}","templated":true}]}}