{"id":694,"date":"2022-07-11T11:00:42","date_gmt":"2022-07-11T11:00:42","guid":{"rendered":"https:\/\/bmz.pxl.sk\/?page_id=694"},"modified":"2022-07-25T07:42:21","modified_gmt":"2022-07-25T07:42:21","slug":"spiral-sorter-st","status":"publish","type":"page","link":"https:\/\/www.bmz.sk\/en\/products\/spiral-sorter-st\/","title":{"rendered":"Spiral sorter ST"},"content":{"rendered":"<p>[vc_row][vc_column]<div class=\"porto-u-heading  wpb_custom_95aa9a11c17ad45cfabaf210d84ee7cc\" data-hspacer=\"no_spacer\" data-halign=\"left\" style=\"text-align:left\"><div class=\"porto-u-main-heading\"><h2   style=\"margin-bottom: 50px;\">Spiral sorter ST<\/h2><\/div><\/div><div class=\"porto-sicon-box  wpb_custom_1efe903570d178ff0a9b7bfa5febd3a4 style_1 default-icon flex-wrap\"><div class=\"porto-sicon-header\"><h3 class=\"porto-sicon-title\" style=\"\">THE USE<\/h3><\/div> <!-- header --><div class=\"porto-sicon-description\" style=\"\">The spiral sorter \u0160T is intended for wet sorting of grains during the treatment of ores and other minerals and also for separating solid particles from liquid &#8211; drainage. Together with the mill, it usually creates a closed or open grinding cycle.<\/div> <!-- description --><\/div><!-- porto-sicon-box --><div class=\"porto-sicon-box  wpb_custom_1efe903570d178ff0a9b7bfa5febd3a4 style_1 default-icon flex-wrap\"><div class=\"porto-sicon-header\"><h3 class=\"porto-sicon-title\" style=\"\">DESCRIPTION<\/h3><\/div> <!-- header --><div class=\"porto-sicon-description\" style=\"\">An essential part of the spiral sorter is the inclined trough in which the spiral rotates. The mash is fed into the trough through the filling nozzle located on its side. The size of the level and thus the length of the submerged spiral depends on the slope of the sorter. The fine parts of the material are carried away by the water flowing over the overflow edge for further processing. The coarser grains sink to the bottom of the trough and are gradually carried to the sand chute, from where they are taken to be ground into a mill or for other use.<\/p>\n<p>The sorting effect and granularity of the individual products of the sorter depends on the slope of the trough, the amount and density of the supplied mash and other factors.<\/div> <!-- description --><\/div><!-- porto-sicon-box -->[\/vc_column][\/vc_row][vc_row full_width=&#8221;stretch_row_content_no_spaces&#8221;][vc_column][vc_row_inner content_placement=&#8221;middle&#8221;][vc_column_inner width=&#8221;1\/4&#8243;][vc_single_image image=&#8221;475&#8243; img_size=&#8221;full&#8221;][\/vc_column_inner][vc_column_inner width=&#8221;1\/4&#8243;][vc_single_image image=&#8221;481&#8243; img_size=&#8221;full&#8221;][\/vc_column_inner][vc_column_inner width=&#8221;1\/4&#8243;][vc_single_image image=&#8221;478&#8243; img_size=&#8221;full&#8221;][\/vc_column_inner][vc_column_inner width=&#8221;1\/4&#8243;][vc_single_image image=&#8221;484&#8243; img_size=&#8221;full&#8221;][\/vc_column_inner][\/vc_row_inner][\/vc_column][\/vc_row]<\/p>\n","protected":false},"excerpt":{"rendered":"<p>[vc_row][vc_column][\/vc_column][\/vc_row][vc_row full_width=&#8221;stretch_row_content_no_spaces&#8221;][vc_column][vc_row_inner content_placement=&#8221;middle&#8221;][vc_column_inner width=&#8221;1\/4&#8243;][vc_single_image image=&#8221;475&#8243; img_size=&#8221;full&#8221;][\/vc_column_inner][vc_column_inner width=&#8221;1\/4&#8243;][vc_single_image image=&#8221;481&#8243; img_size=&#8221;full&#8221;][\/vc_column_inner][vc_column_inner width=&#8221;1\/4&#8243;][vc_single_image image=&#8221;478&#8243; img_size=&#8221;full&#8221;][\/vc_column_inner][vc_column_inner width=&#8221;1\/4&#8243;][vc_single_image image=&#8221;484&#8243; img_size=&#8221;full&#8221;][\/vc_column_inner][\/vc_row_inner][\/vc_column][\/vc_row]<\/p>\n","protected":false},"author":3,"featured_media":0,"parent":285,"menu_order":0,"comment_status":"closed","ping_status":"closed","template":"","meta":{"inline_featured_image":false,"footnotes":""},"class_list":["post-694","page","type-page","status-publish","hentry"],"yoast_head":"<!-- This site is optimized with the Yoast SEO plugin v19.2 - https:\/\/yoast.com\/wordpress\/plugins\/seo\/ -->\n<title>Spiral sorter ST - BMZ a.s. engineering manufacturing company<\/title>\n<meta name=\"description\" content=\"Spiral sorter ST of the engineering production company BMZ a.s., which has been operating on the engineering market since 1969.\" \/>\n<meta name=\"robots\" content=\"index, follow, max-snippet:-1, max-image-preview:large, max-video-preview:-1\" \/>\n<link rel=\"canonical\" href=\"https:\/\/www.bmz.sk\/en\/products\/spiral-sorter-st\/\" \/>\n<meta property=\"og:locale\" content=\"en_US\" \/>\n<meta property=\"og:type\" content=\"article\" \/>\n<meta property=\"og:title\" content=\"Spiral sorter ST - BMZ a.s. engineering manufacturing company\" \/>\n<meta property=\"og:description\" content=\"Spiral sorter ST of the engineering production company BMZ a.s., which has been operating on the engineering market since 1969.\" \/>\n<meta property=\"og:url\" content=\"https:\/\/www.bmz.sk\/en\/products\/spiral-sorter-st\/\" \/>\n<meta property=\"og:site_name\" content=\"BMZ\" \/>\n<meta property=\"article:modified_time\" content=\"2022-07-25T07:42:21+00:00\" \/>\n<meta name=\"author\" content=\"tina\" \/>\n<meta name=\"twitter:card\" content=\"summary_large_image\" \/>\n<meta name=\"twitter:label1\" content=\"Est. reading time\" \/>\n\t<meta name=\"twitter:data1\" content=\"2 minutes\" \/>\n<script type=\"application\/ld+json\" class=\"yoast-schema-graph\">{\"@context\":\"https:\/\/schema.org\",\"@graph\":[{\"@type\":\"WebSite\",\"@id\":\"https:\/\/www.bmz.sk\/#website\",\"url\":\"https:\/\/www.bmz.sk\/\",\"name\":\"BMZ\",\"description\":\"Stroj\u00e1rska v\u00fdrobn\u00e1 spolo\u010dnos\u0165\",\"potentialAction\":[{\"@type\":\"SearchAction\",\"target\":{\"@type\":\"EntryPoint\",\"urlTemplate\":\"https:\/\/www.bmz.sk\/?s={search_term_string}\"},\"query-input\":\"required name=search_term_string\"}],\"inLanguage\":\"en-US\"},{\"@type\":\"WebPage\",\"@id\":\"https:\/\/www.bmz.sk\/en\/products\/spiral-sorter-st\/#webpage\",\"url\":\"https:\/\/www.bmz.sk\/en\/products\/spiral-sorter-st\/\",\"name\":\"Spiral sorter ST - BMZ a.s. engineering manufacturing company\",\"isPartOf\":{\"@id\":\"https:\/\/www.bmz.sk\/#website\"},\"datePublished\":\"2022-07-11T11:00:42+00:00\",\"dateModified\":\"2022-07-25T07:42:21+00:00\",\"description\":\"Spiral sorter ST of the engineering production company BMZ a.s., which has been operating on the engineering market since 1969.\",\"breadcrumb\":{\"@id\":\"https:\/\/www.bmz.sk\/en\/products\/spiral-sorter-st\/#breadcrumb\"},\"inLanguage\":\"en-US\",\"potentialAction\":[{\"@type\":\"ReadAction\",\"target\":[\"https:\/\/www.bmz.sk\/en\/products\/spiral-sorter-st\/\"]}]},{\"@type\":\"BreadcrumbList\",\"@id\":\"https:\/\/www.bmz.sk\/en\/products\/spiral-sorter-st\/#breadcrumb\",\"itemListElement\":[{\"@type\":\"ListItem\",\"position\":1,\"name\":\"Domovsk\u00e1 str\u00e1nka\",\"item\":\"https:\/\/www.bmz.sk\/en\/\"},{\"@type\":\"ListItem\",\"position\":2,\"name\":\"Products\",\"item\":\"https:\/\/www.bmz.sk\/en\/products\/\"},{\"@type\":\"ListItem\",\"position\":3,\"name\":\"Spiral sorter ST\"}]}]}<\/script>\n<!-- \/ Yoast SEO plugin. -->","yoast_head_json":{"title":"Spiral sorter ST - BMZ a.s. engineering manufacturing company","description":"Spiral sorter ST of the engineering production company BMZ a.s., which has been operating on the engineering market since 1969.","robots":{"index":"index","follow":"follow","max-snippet":"max-snippet:-1","max-image-preview":"max-image-preview:large","max-video-preview":"max-video-preview:-1"},"canonical":"https:\/\/www.bmz.sk\/en\/products\/spiral-sorter-st\/","og_locale":"en_US","og_type":"article","og_title":"Spiral sorter ST - BMZ a.s. engineering manufacturing company","og_description":"Spiral sorter ST of the engineering production company BMZ a.s., which has been operating on the engineering market since 1969.","og_url":"https:\/\/www.bmz.sk\/en\/products\/spiral-sorter-st\/","og_site_name":"BMZ","article_modified_time":"2022-07-25T07:42:21+00:00","author":"tina","twitter_card":"summary_large_image","twitter_misc":{"Est. reading time":"2 minutes"},"schema":{"@context":"https:\/\/schema.org","@graph":[{"@type":"WebSite","@id":"https:\/\/www.bmz.sk\/#website","url":"https:\/\/www.bmz.sk\/","name":"BMZ","description":"Stroj\u00e1rska v\u00fdrobn\u00e1 spolo\u010dnos\u0165","potentialAction":[{"@type":"SearchAction","target":{"@type":"EntryPoint","urlTemplate":"https:\/\/www.bmz.sk\/?s={search_term_string}"},"query-input":"required name=search_term_string"}],"inLanguage":"en-US"},{"@type":"WebPage","@id":"https:\/\/www.bmz.sk\/en\/products\/spiral-sorter-st\/#webpage","url":"https:\/\/www.bmz.sk\/en\/products\/spiral-sorter-st\/","name":"Spiral sorter ST - BMZ a.s. engineering manufacturing company","isPartOf":{"@id":"https:\/\/www.bmz.sk\/#website"},"datePublished":"2022-07-11T11:00:42+00:00","dateModified":"2022-07-25T07:42:21+00:00","description":"Spiral sorter ST of the engineering production company BMZ a.s., which has been operating on the engineering market since 1969.","breadcrumb":{"@id":"https:\/\/www.bmz.sk\/en\/products\/spiral-sorter-st\/#breadcrumb"},"inLanguage":"en-US","potentialAction":[{"@type":"ReadAction","target":["https:\/\/www.bmz.sk\/en\/products\/spiral-sorter-st\/"]}]},{"@type":"BreadcrumbList","@id":"https:\/\/www.bmz.sk\/en\/products\/spiral-sorter-st\/#breadcrumb","itemListElement":[{"@type":"ListItem","position":1,"name":"Domovsk\u00e1 str\u00e1nka","item":"https:\/\/www.bmz.sk\/en\/"},{"@type":"ListItem","position":2,"name":"Products","item":"https:\/\/www.bmz.sk\/en\/products\/"},{"@type":"ListItem","position":3,"name":"Spiral sorter ST"}]}]}},"_links":{"self":[{"href":"https:\/\/www.bmz.sk\/en\/wp-json\/wp\/v2\/pages\/694","targetHints":{"allow":["GET"]}}],"collection":[{"href":"https:\/\/www.bmz.sk\/en\/wp-json\/wp\/v2\/pages"}],"about":[{"href":"https:\/\/www.bmz.sk\/en\/wp-json\/wp\/v2\/types\/page"}],"author":[{"embeddable":true,"href":"https:\/\/www.bmz.sk\/en\/wp-json\/wp\/v2\/users\/3"}],"replies":[{"embeddable":true,"href":"https:\/\/www.bmz.sk\/en\/wp-json\/wp\/v2\/comments?post=694"}],"version-history":[{"count":4,"href":"https:\/\/www.bmz.sk\/en\/wp-json\/wp\/v2\/pages\/694\/revisions"}],"predecessor-version":[{"id":766,"href":"https:\/\/www.bmz.sk\/en\/wp-json\/wp\/v2\/pages\/694\/revisions\/766"}],"up":[{"embeddable":true,"href":"https:\/\/www.bmz.sk\/en\/wp-json\/wp\/v2\/pages\/285"}],"wp:attachment":[{"href":"https:\/\/www.bmz.sk\/en\/wp-json\/wp\/v2\/media?parent=694"}],"curies":[{"name":"wp","href":"https:\/\/api.w.org\/{rel}","templated":true}]}}