{"id":713,"date":"2022-07-11T11:13:26","date_gmt":"2022-07-11T11:13:26","guid":{"rendered":"https:\/\/bmz.pxl.sk\/?page_id=713"},"modified":"2026-01-13T06:05:27","modified_gmt":"2026-01-13T06:05:27","slug":"steel-constructions","status":"publish","type":"page","link":"https:\/\/www.bmz.sk\/en\/products\/steel-constructions\/","title":{"rendered":"Steel constructions"},"content":{"rendered":"<p>[vc_row][vc_column]<div class=\"porto-u-heading  wpb_custom_95aa9a11c17ad45cfabaf210d84ee7cc\" data-hspacer=\"no_spacer\" data-halign=\"left\" style=\"text-align:left\"><div class=\"porto-u-main-heading\"><h2   style=\"margin-bottom: 50px;\">Steel constructions<\/h2><\/div><\/div><div class=\"porto-sicon-box  wpb_custom_1efe903570d178ff0a9b7bfa5febd3a4 style_1 default-icon flex-wrap\"><div class=\"porto-sicon-description\" style=\"\">BMZ a.s. manufactures construction and technological steel structures, for production it is certified according to DIN 18800-7. The weights of individual elements can be realized up to a weight of 20,000 kg.<\/div> <!-- description --><\/div><!-- porto-sicon-box -->[\/vc_column][\/vc_row][vc_row full_width=&#8221;stretch_row_content_no_spaces&#8221;][vc_column][vc_row_inner][vc_column_inner width=&#8221;1\/4&#8243;][vc_single_image image=&#8221;541&#8243; img_size=&#8221;full&#8221;][\/vc_column_inner][vc_column_inner width=&#8221;1\/4&#8243;][vc_single_image image=&#8221;550&#8243; img_size=&#8221;full&#8221;][\/vc_column_inner][\/vc_row_inner][\/vc_column][\/vc_row]<\/p>\n","protected":false},"excerpt":{"rendered":"<p>[vc_row][vc_column][\/vc_column][\/vc_row][vc_row full_width=&#8221;stretch_row_content_no_spaces&#8221;][vc_column][vc_row_inner][vc_column_inner width=&#8221;1\/4&#8243;][vc_single_image image=&#8221;541&#8243; img_size=&#8221;full&#8221;][\/vc_column_inner][vc_column_inner width=&#8221;1\/4&#8243;][vc_single_image image=&#8221;550&#8243; img_size=&#8221;full&#8221;][\/vc_column_inner][\/vc_row_inner][\/vc_column][\/vc_row]<\/p>\n","protected":false},"author":3,"featured_media":0,"parent":285,"menu_order":0,"comment_status":"closed","ping_status":"closed","template":"","meta":{"inline_featured_image":false,"footnotes":""},"class_list":["post-713","page","type-page","status-publish","hentry"],"yoast_head":"<!-- This site is optimized with the Yoast SEO plugin v19.2 - https:\/\/yoast.com\/wordpress\/plugins\/seo\/ -->\n<title>Steel constructions - BMZ a.s. engineering manufacturing company<\/title>\n<meta name=\"description\" content=\"Steel structures of the engineering manufacturing company BMZ a.s., which has been operating on the engineering market since 1969.\" \/>\n<meta name=\"robots\" content=\"index, follow, max-snippet:-1, max-image-preview:large, max-video-preview:-1\" \/>\n<link rel=\"canonical\" href=\"https:\/\/www.bmz.sk\/en\/products\/steel-constructions\/\" \/>\n<meta property=\"og:locale\" content=\"en_US\" \/>\n<meta property=\"og:type\" content=\"article\" \/>\n<meta property=\"og:title\" content=\"Steel constructions - BMZ a.s. engineering manufacturing company\" \/>\n<meta property=\"og:description\" content=\"Steel structures of the engineering manufacturing company BMZ a.s., which has been operating on the engineering market since 1969.\" \/>\n<meta property=\"og:url\" content=\"https:\/\/www.bmz.sk\/en\/products\/steel-constructions\/\" \/>\n<meta property=\"og:site_name\" content=\"BMZ\" \/>\n<meta property=\"article:modified_time\" content=\"2026-01-13T06:05:27+00:00\" \/>\n<meta name=\"author\" content=\"tina\" \/>\n<meta name=\"twitter:card\" content=\"summary_large_image\" \/>\n<meta name=\"twitter:label1\" content=\"Est. reading time\" \/>\n\t<meta name=\"twitter:data1\" content=\"1 minute\" \/>\n<script type=\"application\/ld+json\" class=\"yoast-schema-graph\">{\"@context\":\"https:\/\/schema.org\",\"@graph\":[{\"@type\":\"WebSite\",\"@id\":\"https:\/\/www.bmz.sk\/#website\",\"url\":\"https:\/\/www.bmz.sk\/\",\"name\":\"BMZ\",\"description\":\"Stroj\u00e1rska v\u00fdrobn\u00e1 spolo\u010dnos\u0165\",\"potentialAction\":[{\"@type\":\"SearchAction\",\"target\":{\"@type\":\"EntryPoint\",\"urlTemplate\":\"https:\/\/www.bmz.sk\/?s={search_term_string}\"},\"query-input\":\"required name=search_term_string\"}],\"inLanguage\":\"en-US\"},{\"@type\":\"WebPage\",\"@id\":\"https:\/\/www.bmz.sk\/en\/products\/steel-constructions\/#webpage\",\"url\":\"https:\/\/www.bmz.sk\/en\/products\/steel-constructions\/\",\"name\":\"Steel constructions - BMZ a.s. engineering manufacturing company\",\"isPartOf\":{\"@id\":\"https:\/\/www.bmz.sk\/#website\"},\"datePublished\":\"2022-07-11T11:13:26+00:00\",\"dateModified\":\"2026-01-13T06:05:27+00:00\",\"description\":\"Steel structures of the engineering manufacturing company BMZ a.s., which has been operating on the engineering market since 1969.\",\"breadcrumb\":{\"@id\":\"https:\/\/www.bmz.sk\/en\/products\/steel-constructions\/#breadcrumb\"},\"inLanguage\":\"en-US\",\"potentialAction\":[{\"@type\":\"ReadAction\",\"target\":[\"https:\/\/www.bmz.sk\/en\/products\/steel-constructions\/\"]}]},{\"@type\":\"BreadcrumbList\",\"@id\":\"https:\/\/www.bmz.sk\/en\/products\/steel-constructions\/#breadcrumb\",\"itemListElement\":[{\"@type\":\"ListItem\",\"position\":1,\"name\":\"Domovsk\u00e1 str\u00e1nka\",\"item\":\"https:\/\/www.bmz.sk\/en\/\"},{\"@type\":\"ListItem\",\"position\":2,\"name\":\"Products\",\"item\":\"https:\/\/www.bmz.sk\/en\/products\/\"},{\"@type\":\"ListItem\",\"position\":3,\"name\":\"Steel constructions\"}]}]}<\/script>\n<!-- \/ Yoast SEO plugin. -->","yoast_head_json":{"title":"Steel constructions - BMZ a.s. engineering manufacturing company","description":"Steel structures of the engineering manufacturing company BMZ a.s., which has been operating on the engineering market since 1969.","robots":{"index":"index","follow":"follow","max-snippet":"max-snippet:-1","max-image-preview":"max-image-preview:large","max-video-preview":"max-video-preview:-1"},"canonical":"https:\/\/www.bmz.sk\/en\/products\/steel-constructions\/","og_locale":"en_US","og_type":"article","og_title":"Steel constructions - BMZ a.s. engineering manufacturing company","og_description":"Steel structures of the engineering manufacturing company BMZ a.s., which has been operating on the engineering market since 1969.","og_url":"https:\/\/www.bmz.sk\/en\/products\/steel-constructions\/","og_site_name":"BMZ","article_modified_time":"2026-01-13T06:05:27+00:00","author":"tina","twitter_card":"summary_large_image","twitter_misc":{"Est. reading time":"1 minute"},"schema":{"@context":"https:\/\/schema.org","@graph":[{"@type":"WebSite","@id":"https:\/\/www.bmz.sk\/#website","url":"https:\/\/www.bmz.sk\/","name":"BMZ","description":"Stroj\u00e1rska v\u00fdrobn\u00e1 spolo\u010dnos\u0165","potentialAction":[{"@type":"SearchAction","target":{"@type":"EntryPoint","urlTemplate":"https:\/\/www.bmz.sk\/?s={search_term_string}"},"query-input":"required name=search_term_string"}],"inLanguage":"en-US"},{"@type":"WebPage","@id":"https:\/\/www.bmz.sk\/en\/products\/steel-constructions\/#webpage","url":"https:\/\/www.bmz.sk\/en\/products\/steel-constructions\/","name":"Steel constructions - BMZ a.s. engineering manufacturing company","isPartOf":{"@id":"https:\/\/www.bmz.sk\/#website"},"datePublished":"2022-07-11T11:13:26+00:00","dateModified":"2026-01-13T06:05:27+00:00","description":"Steel structures of the engineering manufacturing company BMZ a.s., which has been operating on the engineering market since 1969.","breadcrumb":{"@id":"https:\/\/www.bmz.sk\/en\/products\/steel-constructions\/#breadcrumb"},"inLanguage":"en-US","potentialAction":[{"@type":"ReadAction","target":["https:\/\/www.bmz.sk\/en\/products\/steel-constructions\/"]}]},{"@type":"BreadcrumbList","@id":"https:\/\/www.bmz.sk\/en\/products\/steel-constructions\/#breadcrumb","itemListElement":[{"@type":"ListItem","position":1,"name":"Domovsk\u00e1 str\u00e1nka","item":"https:\/\/www.bmz.sk\/en\/"},{"@type":"ListItem","position":2,"name":"Products","item":"https:\/\/www.bmz.sk\/en\/products\/"},{"@type":"ListItem","position":3,"name":"Steel constructions"}]}]}},"_links":{"self":[{"href":"https:\/\/www.bmz.sk\/en\/wp-json\/wp\/v2\/pages\/713","targetHints":{"allow":["GET"]}}],"collection":[{"href":"https:\/\/www.bmz.sk\/en\/wp-json\/wp\/v2\/pages"}],"about":[{"href":"https:\/\/www.bmz.sk\/en\/wp-json\/wp\/v2\/types\/page"}],"author":[{"embeddable":true,"href":"https:\/\/www.bmz.sk\/en\/wp-json\/wp\/v2\/users\/3"}],"replies":[{"embeddable":true,"href":"https:\/\/www.bmz.sk\/en\/wp-json\/wp\/v2\/comments?post=713"}],"version-history":[{"count":4,"href":"https:\/\/www.bmz.sk\/en\/wp-json\/wp\/v2\/pages\/713\/revisions"}],"predecessor-version":[{"id":1203,"href":"https:\/\/www.bmz.sk\/en\/wp-json\/wp\/v2\/pages\/713\/revisions\/1203"}],"up":[{"embeddable":true,"href":"https:\/\/www.bmz.sk\/en\/wp-json\/wp\/v2\/pages\/285"}],"wp:attachment":[{"href":"https:\/\/www.bmz.sk\/en\/wp-json\/wp\/v2\/media?parent=713"}],"curies":[{"name":"wp","href":"https:\/\/api.w.org\/{rel}","templated":true}]}}